{"id":9,"date":"2017-07-18T23:30:43","date_gmt":"2017-07-18T21:30:43","guid":{"rendered":"http:\/\/www.ob-u-s.de\/wp_1\/?page_id=9"},"modified":"2026-01-15T13:51:45","modified_gmt":"2026-01-15T12:51:45","slug":"firmenportrait","status":"publish","type":"page","link":"https:\/\/www.ob-u-s.de\/wp_1\/unternehmen\/firmenportrait\/","title":{"rendered":"Firmenportrait"},"content":{"rendered":"<p>Als <strong>Unternehmensberatung mit Fokus Produktentwicklung<\/strong> besch\u00e4ftigen wir uns mit den Themenschwerpunkten <strong>CAD<\/strong> <strong>PLM<\/strong> und <strong>ERP<\/strong> bis hin zur interdisziplin\u00e4ren Thematik rund um die <strong>Digitalisierung<\/strong>. Dies umfasst vor allem die <strong>systemneutrale Beratung<\/strong> hinsichtlich Methodik und Einsatz der Software.<br \/>\nDurch die Erfahrung von 30 Jahren erfolgreicher Projektarbeit verf\u00fcgen wir \u00fcber ein breites Fachwissen und die notwendige Branchenkenntnis zur optimalen Gestaltung von <strong>Ver\u00e4nderungsprojekten<\/strong> auf organisatorischer, prozessualer und IT-Ebene.<\/p>\n<p><b>Konkret stehen wir f\u00fcr:<\/b><\/p>\n<ul>\n<li><strong>Interne Ver\u00e4nderungsprojekte<\/strong> \u2013 Wir unterst\u00fctzen Unternehmen bei Proze\u00df- und Organisationsinnovationen, oftmals auch &#8222;auf dem R\u00fccken&#8220;\u00a0 aktuell f\u00e4lliger IT-Projekte.<br \/>\nMotto: &#8222;Wenn nicht jetzt, wann dann?&#8220;<\/li>\n<li><strong>Produktstruktur<\/strong> \u2013 Wir unterst\u00fctzen sie mit branchen\u00fcbergreifender Erfahrung bei Strukturierung, Standardisierung und Modularisierung ihrer Produkte und St\u00fccklisten.<\/li>\n<li><strong>Variantenmanagement und Konfiguration<\/strong> \u2013 Konfigurator ist nicht gleich Konfigurator. Wir begleiten sie mit unserer Umsetzungsexpertise<\/li>\n<li><strong> Systemauswahl<\/strong> \u2013 Wir zeigen Ihnen, wie Sie die Fu\u00dfangeln eines Systemauswahlprojektes umgehen.<\/li>\n<li><strong> Neutrale Beratung<\/strong> \u2013 Wir beraten seit 1994 herstellerunabh\u00e4ngig und neutral.<\/li>\n<li><strong> Systemlandschaft<\/strong> \u2013 Wir bef\u00e4higen Ihr Team das neues System in Ihre Systemlandschaft einzubetten.<\/li>\n<li><strong> Markt\u00fcbersicht<\/strong> \u2013 Wir haben das Ohr am Markt und kennen die kompetenten Ansprechpartner der Systemhersteller<\/li>\n<li><strong> Akzeptanz<\/strong> \u2013 Wir sorgen f\u00fcr nachhaltige Akzeptanz auf der operativen Ebene und werden selbst herstellerseitig respektiert<\/li>\n<li><strong> Fokus Produktentwicklung Plus<\/strong> \u2013 Unsere Themenschwerpunkte liegen historisch im Umfeld der Produktentwicklung mit CAD PLM und ERP, decken heutzutage jedoch die gesamte Prozesskette entlang des PEP ab.<\/li>\n<li><strong> Interdisziplin\u00e4r<\/strong> \u2013 Wir sprechen die Sprache in der Konstruktion von Mechanik, Elektrik und Software gleicherma\u00dfen wie die der Akteure in Arbeitsvorbereitung, Beschaffung, Fertigung und Montage.<\/li>\n<li><strong> Projektteam<\/strong> \u2013 Wir entwickeln L\u00f6sungen gemeinsam mit unseren Kunden, dadurch sichern wir die Akzeptanz und so auch die praktische Umsetzung der Konzepte.<\/li>\n<li><strong> Didaktik<\/strong> \u2013 Management-Coaching, Seminare und Schulungen erg\u00e4nzen dabei unsere themenzentrierte Projektarbeit.<\/li>\n<li><strong> Kooperationen<\/strong> \u2013 Ein weites Kooperationsnetzwerk erm\u00f6glicht auch in speziellen Fragestellungen eine qualifizierte und neutrale Beratung.<\/li>\n<li><strong> Vertikal durchg\u00e4ngig<\/strong> \u2013 Erfahrene, qualifizierte Berater verstehen die Belange von F\u00fchrungskr\u00e4ften und Mitarbeitern in Ihren inhaltlichen Fragestellungen<\/li>\n<\/ul>\n","protected":false},"excerpt":{"rendered":"<p>Als Unternehmensberatung mit Fokus Produktentwicklung besch\u00e4ftigen wir uns mit den Themenschwerpunkten CAD PLM und ERP bis hin zur interdisziplin\u00e4ren Thematik rund um die Digitalisierung. Dies umfasst vor allem die systemneutrale Beratung hinsichtlich Methodik und Einsatz der Software. Durch die Erfahrung [&hellip;]<\/p>\n","protected":false},"author":1,"featured_media":55,"parent":58,"menu_order":0,"comment_status":"closed","ping_status":"closed","template":"","meta":{"footnotes":""},"class_list":["post-9","page","type-page","status-publish","has-post-thumbnail","hentry"],"_links":{"self":[{"href":"https:\/\/www.ob-u-s.de\/wp_1\/wp-json\/wp\/v2\/pages\/9","targetHints":{"allow":["GET"]}}],"collection":[{"href":"https:\/\/www.ob-u-s.de\/wp_1\/wp-json\/wp\/v2\/pages"}],"about":[{"href":"https:\/\/www.ob-u-s.de\/wp_1\/wp-json\/wp\/v2\/types\/page"}],"author":[{"embeddable":true,"href":"https:\/\/www.ob-u-s.de\/wp_1\/wp-json\/wp\/v2\/users\/1"}],"replies":[{"embeddable":true,"href":"https:\/\/www.ob-u-s.de\/wp_1\/wp-json\/wp\/v2\/comments?post=9"}],"version-history":[{"count":5,"href":"https:\/\/www.ob-u-s.de\/wp_1\/wp-json\/wp\/v2\/pages\/9\/revisions"}],"predecessor-version":[{"id":235,"href":"https:\/\/www.ob-u-s.de\/wp_1\/wp-json\/wp\/v2\/pages\/9\/revisions\/235"}],"up":[{"embeddable":true,"href":"https:\/\/www.ob-u-s.de\/wp_1\/wp-json\/wp\/v2\/pages\/58"}],"wp:featuredmedia":[{"embeddable":true,"href":"https:\/\/www.ob-u-s.de\/wp_1\/wp-json\/wp\/v2\/media\/55"}],"wp:attachment":[{"href":"https:\/\/www.ob-u-s.de\/wp_1\/wp-json\/wp\/v2\/media?parent=9"}],"curies":[{"name":"wp","href":"https:\/\/api.w.org\/{rel}","templated":true}]}}