{"id":88,"date":"2017-07-24T13:57:55","date_gmt":"2017-07-24T11:57:55","guid":{"rendered":"http:\/\/www.ob-u-s.de\/wp_1\/?page_id=88"},"modified":"2021-12-15T16:15:43","modified_gmt":"2021-12-15T15:15:43","slug":"industrie4-0-scouting","status":"publish","type":"page","link":"https:\/\/www.ob-u-s.de\/wp_1\/industrie4-0-scouting\/","title":{"rendered":"Industrie4.0-Scouting"},"content":{"rendered":"<p><strong>Der effiziente Einstieg in die Industrie 4.0!<\/strong><\/p>\n<p>Sie fragen sich, welchen konkreten Nutzen Ihr Unternehmen aus den neuen Technologien der Digitalisierung ziehen kann?<\/p>\n<p>Hier setzt das Scouting-Konzept der Allianz Industrie4.0 Baden-W\u00fcrttemberg an. Ab sofort k\u00f6nnen kleine und mittelst\u00e4ndische Unternehmen mit uns als zertifizierten Industrie 4.0-Scouts an einem pragmatischen Einstieg in die Digitalisierung arbeiten.<\/p>\n<p><strong>Unser Angebot<\/strong><\/p>\n<p>Abh\u00e4ngig von Ihrer individuellen Ausgangssituation us unserem Expertenpool aus, der am besten zu Ihrem Unternehmen passt.<\/p>\n<p>Gemeinsam mit unseren praxiserfahrenen Experten\u2026<\/p>\n<ul>\n<li>\u2026analysieren Sie Ihre individuelle Ausgangssituation.<\/li>\n<li>\u2026erarbeiten Sie Ideen f\u00fcr den Einstieg in die Industrie 4.0.<\/li>\n<li>\u2026entwickeln Sie Ihr bereits bestehendes Industrie 4.0 L\u00f6sungsportfolio weiter.<\/li>\n<li>\u2026finden Sie heraus, welche spezifischen Schritte f\u00fcr Ihr Unternehmen sinnvoll sind.<\/li>\n<li>\u2026identifizieren Sie geeignete Handlungsfelder, an denen Ihr Unternehmen ansetzen kann<\/li>\n<\/ul>\n<p><strong>Ablauf und Teilnahmebedingungen<\/strong><\/p>\n<p>Das Scouting umfasst einen zweieinhalb-t\u00e4gigen Workshop bei Ihnen im Betrieb sowie eineinhalb Tage Vor- und Nachbereitung durch einen Scout.<br \/>\nDie Tagess\u00e4tze der Scouts sind einheitlich gedeckelt.<br \/>\nIndustriebetriebe mit Stammsitz in Baden-W\u00fcrttemberg und maximal 500 Besch\u00e4ftigten erhalten eine bis zu 50-prozentige F\u00f6rderung durch das Wirtschaftsministerium.<\/p>\n<p><a href=\"https:\/\/www.ob-u-s.de\/wp_1\/wp-content\/uploads\/2017\/07\/Flyer_Scouting_ob-u-s.pdf\">Download Flyer<\/a><\/p>\n<p>Sie sind interessiert? <a href=\"https:\/\/www.ob-u-s.de\/wp_1\/kontakt\/\">Kontaktieren<\/a> Sie uns unverbindlich und nutzen Sie die Vorteile des\u00a0Industrie 4.0 Scoutings f\u00fcr Ihr Unternehmen!<\/p>\n<p><a href=\"https:\/\/www.ob-u-s.de\/wp_1\/kontakt\/\">Kontaktformular<\/a><\/p>\n","protected":false},"excerpt":{"rendered":"<p>Der effiziente Einstieg in die Industrie 4.0! Sie fragen sich, welchen konkreten Nutzen Ihr Unternehmen aus den neuen Technologien der Digitalisierung ziehen kann? Hier setzt das Scouting-Konzept der Allianz Industrie4.0 Baden-W\u00fcrttemberg an. Ab sofort k\u00f6nnen kleine und mittelst\u00e4ndische Unternehmen mit [&hellip;]<\/p>\n","protected":false},"author":1,"featured_media":89,"parent":0,"menu_order":0,"comment_status":"closed","ping_status":"closed","template":"","meta":{"footnotes":""},"class_list":["post-88","page","type-page","status-publish","has-post-thumbnail","hentry"],"_links":{"self":[{"href":"https:\/\/www.ob-u-s.de\/wp_1\/wp-json\/wp\/v2\/pages\/88","targetHints":{"allow":["GET"]}}],"collection":[{"href":"https:\/\/www.ob-u-s.de\/wp_1\/wp-json\/wp\/v2\/pages"}],"about":[{"href":"https:\/\/www.ob-u-s.de\/wp_1\/wp-json\/wp\/v2\/types\/page"}],"author":[{"embeddable":true,"href":"https:\/\/www.ob-u-s.de\/wp_1\/wp-json\/wp\/v2\/users\/1"}],"replies":[{"embeddable":true,"href":"https:\/\/www.ob-u-s.de\/wp_1\/wp-json\/wp\/v2\/comments?post=88"}],"version-history":[{"count":8,"href":"https:\/\/www.ob-u-s.de\/wp_1\/wp-json\/wp\/v2\/pages\/88\/revisions"}],"predecessor-version":[{"id":185,"href":"https:\/\/www.ob-u-s.de\/wp_1\/wp-json\/wp\/v2\/pages\/88\/revisions\/185"}],"wp:featuredmedia":[{"embeddable":true,"href":"https:\/\/www.ob-u-s.de\/wp_1\/wp-json\/wp\/v2\/media\/89"}],"wp:attachment":[{"href":"https:\/\/www.ob-u-s.de\/wp_1\/wp-json\/wp\/v2\/media?parent=88"}],"curies":[{"name":"wp","href":"https:\/\/api.w.org\/{rel}","templated":true}]}}