{"id":12,"date":"2017-07-19T01:01:06","date_gmt":"2017-07-18T23:01:06","guid":{"rendered":"http:\/\/www.ob-u-s.de\/wp_1\/?page_id=12"},"modified":"2017-09-04T18:04:02","modified_gmt":"2017-09-04T16:04:02","slug":"philosophie","status":"publish","type":"page","link":"https:\/\/www.ob-u-s.de\/wp_1\/unternehmen\/philosophie\/","title":{"rendered":"Philosophie"},"content":{"rendered":"<ul>\n<li>Unser Ziel ist es, Unternehmen und den dort t\u00e4tigen Menschen zu helfen. Wir versetzen uns in Ihre Welt, lernen Ihre t\u00e4glichen Probleme zu verstehen und helfen Ihnen, diese mit unserer branchen\u00fcbergreifenden Erfahrung, etablierten Methoden, und selbstverst\u00e4ndlich auch dem gesundem Menschenverstand zu l\u00f6sen.<\/li>\n<li>Alles Denken und Handeln geschieht zum Zweck, unsere Kunden und die dort t\u00e4tigen Menschen zu unterst\u00fctzen und mit unserem Know-how und unseren Erfahrungen gemeinsam die richtigen <b>Entscheidungen vorzubereiten<\/b>. Dazu integrieren wir in unsere Projektarbeit die Belange der Unternehmensleitung als auch die der Besch\u00e4ftigten. In der Regel wird sich eine L\u00f6sung finden lassen die von allen als zukunftsorientiert und vorteilhaft erkannt wird und dadurch auch erfolgreich umgesetzt werden kann.<\/li>\n<li>Selbstverst\u00e4ndlich bedingt dies mitunter auch die Modifikation von Arbeitsabl\u00e4ufen durch neue Vorgehensweisen oder DV-Systeme. <b>Konsequente Integration der Mitarbeiter<\/b> bei der Gestaltung der Ver\u00e4nderungen gew\u00e4hrleistet projektintegrierte Qualifikation und hohe Akzeptanz der Anwender. Damit sind die Mitarbeiter sind sowohl in der Projektarbeit als auch k\u00fcnftig auch in der Lage Ihre <b>Arbeitsabl\u00e4ufe kontinuierlich zu verbessern<\/b>.<\/li>\n<li>Die <b>harmonische<\/b> Gesamterf\u00fcllung dieser <b>Ma\u00dfnahmen<\/b> bedeutet dabei konkreten Erfolg f\u00fcr unsere Kunden, wobei wir selbst nat\u00fcrlich ebenfalls nach eigenem Erfolg und Anerkennung streben.<\/li>\n<li>Trotzdem soll der Wert des Dienstleistungspaketes insgesamt den Preis, den unsere Kunde hierf\u00fcr zahlen, wesentlich \u00fcbersteigen. F\u00fcr uns bedeutet dies, den Wettbewerb des t\u00e4glichen Lebens mit h\u00f6chstem Ma\u00df an <b>Fairne\u00df<\/b> zu bestehen.<\/li>\n<li>Unter praktizierter Ethik der Unternehmensberatung verstehen wir Anst\u00e4ndigkeit, Ehrlichkeit, Mut, Redlichkeit, Treue und Zuverl\u00e4ssigkeit. Diese Attribute sind Grundlage f\u00fcr eine lang-, mittel- und kurzfristige Kooperation. <b>Wir sagen nur \u201eJa\u201c, wenn wir auch \u201eJa\u201c meinen<\/b>.<\/li>\n<\/ul>\n","protected":false},"excerpt":{"rendered":"<p>Unser Ziel ist es, Unternehmen und den dort t\u00e4tigen Menschen zu helfen. Wir versetzen uns in Ihre Welt, lernen Ihre t\u00e4glichen Probleme zu verstehen und helfen Ihnen, diese mit unserer branchen\u00fcbergreifenden Erfahrung, etablierten Methoden, und selbstverst\u00e4ndlich auch dem gesundem Menschenverstand [&hellip;]<\/p>\n","protected":false},"author":1,"featured_media":55,"parent":58,"menu_order":0,"comment_status":"closed","ping_status":"closed","template":"","meta":{"footnotes":""},"class_list":["post-12","page","type-page","status-publish","has-post-thumbnail","hentry"],"_links":{"self":[{"href":"https:\/\/www.ob-u-s.de\/wp_1\/wp-json\/wp\/v2\/pages\/12","targetHints":{"allow":["GET"]}}],"collection":[{"href":"https:\/\/www.ob-u-s.de\/wp_1\/wp-json\/wp\/v2\/pages"}],"about":[{"href":"https:\/\/www.ob-u-s.de\/wp_1\/wp-json\/wp\/v2\/types\/page"}],"author":[{"embeddable":true,"href":"https:\/\/www.ob-u-s.de\/wp_1\/wp-json\/wp\/v2\/users\/1"}],"replies":[{"embeddable":true,"href":"https:\/\/www.ob-u-s.de\/wp_1\/wp-json\/wp\/v2\/comments?post=12"}],"version-history":[{"count":2,"href":"https:\/\/www.ob-u-s.de\/wp_1\/wp-json\/wp\/v2\/pages\/12\/revisions"}],"predecessor-version":[{"id":65,"href":"https:\/\/www.ob-u-s.de\/wp_1\/wp-json\/wp\/v2\/pages\/12\/revisions\/65"}],"up":[{"embeddable":true,"href":"https:\/\/www.ob-u-s.de\/wp_1\/wp-json\/wp\/v2\/pages\/58"}],"wp:featuredmedia":[{"embeddable":true,"href":"https:\/\/www.ob-u-s.de\/wp_1\/wp-json\/wp\/v2\/media\/55"}],"wp:attachment":[{"href":"https:\/\/www.ob-u-s.de\/wp_1\/wp-json\/wp\/v2\/media?parent=12"}],"curies":[{"name":"wp","href":"https:\/\/api.w.org\/{rel}","templated":true}]}}